
{"id":1969,"date":"2022-01-15T18:38:32","date_gmt":"2022-01-15T18:38:32","guid":{"rendered":"http:\/\/t2021.avra.com.pl\/?page_id=1969"},"modified":"2022-01-23T19:37:37","modified_gmt":"2022-01-23T19:37:37","slug":"privacy-policy","status":"publish","type":"page","link":"https:\/\/avra.pl\/en\/privacy-policy\/","title":{"rendered":"Privacy Policy"},"content":{"rendered":"\n<section class=\"block hero \">\n    <div class=\"container\">\n        <div class=\"row row-hero\">\n            <div class=\"col-12 col-lg-6 col-image\">\n\t\t\t\t<img loading=\"lazy\" decoding=\"async\" width=\"1000\" height=\"996\" src=\"https:\/\/avra.pl\/wp-content\/uploads\/2021\/07\/Avra-materialy-zdj1-2@2x.jpg\" class=\"hero-image object-fit-contain\" alt=\"\" srcset=\"https:\/\/avra.pl\/wp-content\/uploads\/2021\/07\/Avra-materialy-zdj1-2@2x.jpg 1000w, https:\/\/avra.pl\/wp-content\/uploads\/2021\/07\/Avra-materialy-zdj1-2@2x-570x568.jpg 570w, https:\/\/avra.pl\/wp-content\/uploads\/2021\/07\/Avra-materialy-zdj1-2@2x-300x300.jpg 300w, https:\/\/avra.pl\/wp-content\/uploads\/2021\/07\/Avra-materialy-zdj1-2@2x-768x765.jpg 768w, https:\/\/avra.pl\/wp-content\/uploads\/2021\/07\/Avra-materialy-zdj1-2@2x-100x100.jpg 100w, https:\/\/avra.pl\/wp-content\/uploads\/2021\/07\/Avra-materialy-zdj1-2@2x-400x398.jpg 400w\" sizes=\"auto, (max-width: 1000px) 100vw, 1000px\" \/>            <\/div>\n            <div class=\"col-12 col-lg-5 offset-lg-1 col-content\">\n                <div class=\"title-wrapper\"><h1><span style=\"color: #0d0d0d;\">Privacy Policy<\/span><span style=\"color: #1c55d9;\"> website www.avra.pl\/en<\/span><\/h1>\n<\/div>\n                <p class=\"description\"><\/p>\n\t\t\t\t            <\/div>\n        <\/div>\n\n\t\t    <\/div>\n<\/section>\n\n\n<section class=\"block content-and-sidebar\">\n    <div class=\"container\">\n        <div class=\"row\">\n            <div class=\"col-12 col-lg-7 col-content\">\n\t\t\t\t                    <div class=\"content\"><div class=\"et_pb_module et_pb_text et_pb_text_1 et_pb_text_align_left et_pb_bg_layout_light\">\n<div class=\"et_pb_text_inner\">\n<ol>\n<li>\n<hr \/>\n<p>This Policy is informative, aimed at maintaining transparency regarding the basis and method of data processing and your rights, and its content is appropriately applicable when you use our Website at the URL address; avra.pl, hereinafter referred to as the \u201d Website \u201c.<\/li>\n<li>We take the protection of personal data very seriously. In the case of collecting and using personal data, we make sure that we comply with the GDPR (General Data Protection Regulation), i.e. Regulation (EU) 2016\/679 of the European Parliament and of the Council of 27 April 2016 on the protection of natural persons with regard to the processing of personal data and on the free movement of such data, and repealing Directive 95\/46\/EC (OJ UE No L119, 4.5.2016, p.1) and accordingly, other applicable provisions on the protection of personal data.<\/li>\n<li>We provide detailed information on the processing of personal data by means of additional information clauses, if we believe that it is justified in the given process of personal data processing. In the following section of the Policy you will find information related to the use of the Website, on the type of data, the purpose of their processing and the functionality of the use of which they are collected.<\/li>\n<li>In case of doubts or contradictions between the Policy and the content of the additional information clause provided by us in a specific case, the data subject should follow the information received under the information clause. Regardless of the Policy, the basis of our activities in the data processing are always the relevant provisions of law in force in the territory of the Republic of Poland.<\/li>\n<\/ol>\n<hr \/>\n<p><span style=\"color: #1c55d9;\">How to contact the personal data administrator and the DPO??<\/span><\/p>\n<p>5. The administrator of personal data, i.e. the entity deciding about the purposes and methods of processing your personal data, is Avra Sp. z o. o. based in Wroc\u0142aw, ul. Marii Sk\u0142odowskiej-Cuire 12 floor IV, 50-381 Wroc\u0142aw, entered into the Register of Entrepreneurs of the National Court Register kept by the District Court for Wroc\u0142aw-Fabryczna, 6th Commercial Division of the National Court Register under KRS number: 0000522815, NIP: 8982208679 (hereinafter also Avra).<\/p>\n<p>6.\u00a0 The electronic address of our Data Protection Officer: IOD (at) avra.pl<br \/>\npostal address: ul. Marii Sk\u0142odowskiej-Curie 12 floor 4 with the annotation Data Protection Officer<br \/>\nContact the above address if you have questions or doubts related to the processing of your personal data by the Administrator in connection with the use of the Website, as well as if you wish to submit a request to exercise your rights related to it.<\/p>\n<hr \/>\n<p><span style=\"color: #1c55d9;\">Your rights<\/span><\/p>\n<p>7. Under GDPR, you have:<br \/>\n-the right to request access to the content of your personal data, including obtaining the data copy,<br \/>\n-the right to request correction of data<br \/>\n-the right to demand the deletion of data (so-called right to be forgotten),<br \/>\n-the right to demand limitation of data processing,<br \/>\n-the right to request data transfer (in case of processing the data under contract or consent,<br \/>\n-the right to object (against the processing of your personal data, against direct marketing, profiling, against processing carried out on the basis of the legitimate interest of the Administrator),<br \/>\n-the right to lodge a complaint to the supervisory authority for the protection of personal data (In Poland it is the President of the Personal Data Protection Office),<br \/>\n-If your data is processed under consent \u2013 you have the right to withdraw it (which does not affect the lawfulness of processing based on consent before its withdrawal).<\/p>\n<hr \/>\n<p><span style=\"color: #1c55d9;\">General information on the processing of Personal Data<\/span><\/p>\n<p>8. In connection with the possibility of using Website, we have defined the following Personal Data processing situations for the period necessary to achieve the purpose indicated below.<\/p>\n<p>8.1. Contact with Avra. On our Website you will find Contact form, the use of which requires the voluntary provision of the subject and content of the message as well as an e-mail address, without which you will not start electronic correspondence with us. In this case, the primary purpose of processing your data is to read the correspondence received and provide answers where necessary. The legal basis for processing is Article 6(1)(f) of GDPR, i.e. the legitimate interest of the Administrator.<br \/>\nIf the inquiry sent is related with the need of preparing an offer in accordance with your needs or with providing you with information about us and our scope of services, we act within the legitimate interest of the Administrator, which is self-marketing of our services, especially regarding building and developing relationships with our clients and striving to sell our services.<br \/>\nDepending on the content of the correspondence, we take action on your request before concluding a possible contract with us, and the legal basis for such processing is art. 6 sec. 1 letter b) of GDPR (e.g. sending a tailored offer of our services, performing other activities aimed at concluding a contract).<br \/>\nFor the purposes of verification and protection against the use of the form by automatic tools (so-called Bots), the functionality of Contact Form uses an external ReCaptcha tool. For more information, see the subsequent parts of the Policy.<br \/>\nDepending on the case in which we communicate, we process your Personal Data for the period necessary to conduct correspondence with you and later for a maximum period of 24 months or for the period of establishing, defending, investigating or limiting any claims arising from such correspondence or for the duration of any possible claims in accordance with applicable regulations.<br \/>\nWhen using the Contact Form, you can additionally consent to the processing of the data provided therein for the purpose specified in the content of such consent. In this case, the basis for processing your Personal Data for a specific purpose is your consent (Article 6(1)(a) of the GDPR).<br \/>\nThe above information remains relevant when you contact our e-mail address provided on the Website, skipping the Contact Form.<\/p>\n<p>8.2. Recruitment. On our Website, we provide a form for submitting your application for a specific position and an e-mail address intended for handling applications. Using the form, you can voluntarily provide your name, surname, a few words about yourself, e-mail address. You can also attach a CV file. Providing your data is voluntary, although to the extent necessary it is required to take into account your application in the course of recruitment and to provide you with feedback (contact with you). Detailed information on the processing of Personal Data, including the processing period for the purposes related to the recruitment process, is provided in additional information clause for a job candidate. Your personal data will be processed in subsequent recruitment processes, provided you consent to it.<\/p>\n<p>8.3. Other purposes resulting from your consent. If you give us your consent to process your personal data, the legal basis for their processing is Article 6(1)(a) of GDPR. Processing takes place for the period necessary to achieve the purpose covered by the consent, no longer than until you withdraw it or until its restriction or other actions on your part limiting this consent.<\/p>\n<p>8.4.<\/p>\n<p>\u2013 Administration and management of the Website, including security and its systems, applications;<br \/>\n\u2013 monitoring and analyzing the Website traffic and making statistical measurements;<br \/>\n\u2013 using external internet tools on the Website.<\/p>\n<p>The above cases include the legitimate interest of the administrator (Article 6 (1)(f) of the GDPR) and relate to the automatic collection and partly saving of information about you in cookies (or other similar technologies). In addition to cookies, we can also automatically collect data normally collected by internet system administrators as part of the so-called logs or log files. The information contained in the logs may include, among others the Website visitor\u2019s IP address, location, type of platform \/ end device (e.g. mobile device) and web browser, internet provider and the address of the Website from which the visitor accessed our Website.<br \/>\nThe Website uses the Google Analytics web analysis system which uses the cookie files system. More information on this subject in the subsequent part of the Policy.<br \/>\nUsing external tools indicated in the further part of the Policy, we use the collected data in order to keep traffic statistics on our Website, including the number and duration of visits to our Website, transitions between subpages, counting repeat visits to the Website, etc. More about this in the subsequent part of the Policy.<br \/>\nThe information collected in the way mentioned above is used to evaluate the use of the Website and improve the quality of its functioning. We do not combine it with personal data provided in a non-automated way by the Website user (e.g. via the contact form).<\/p>\n<hr \/>\n<p><span style=\"color: #1c55d9;\">Other information on processing your Personal Data<\/span><\/p>\n<p>9. Personal data will not be processed in an automated manner (including profiling) in such a way that as a result of such automated processing any decisions would be made, other legal effects would be caused or it would have a significant impact on the data subject using the Website.<\/p>\n<p>10. If the basis for data processing is the legitimate interest of the administrator, the processing of personal data takes place no longer than it is necessary for its implementation or until you submit an effective objection.<\/p>\n<p>11. Data Recipients. We may transfer (share) personal data to entities such as: entities providing and servicing IT systems or solutions (IT service providers, hosting, marketing and analytical tools), entities supporting us in the operation, development and maintenance of the Website, as well as our legal advisors . If we receive a request for rectification, deletion or limitation of the processing of personal data, we will inform the recipients of these data to whom the personal data has been disclosed, unless it turns out to be impossible or will require a disproportionate effort, and we will inform you about these recipients on your request regarding your personal data.<\/p>\n<p>12. On the basis of applicable law, your data may be shared with entities authorized to obtain it (e.g. law enforcement authorities). Before we provide data to entities processing personal data on behalf of the Administrator (e.g. our subcontractors, IT service providers), we sign agreements with such entities entrusting the processing of personal data, requiring them to maintain confidentiality and security measures and personal data protection, and the processing of personal data takes place in accordance with our processing instructions.<\/p>\n<p>13. We do not intend to transfer personal data to third countries \u2013 to entities based outside the European Economic Area (EEA).<br \/>\nGeneral information about the Website and its operation<\/p>\n<p>14. The Website, which is our corporate Website, was built using WordPress. The Website is operated by OVH servers. Additional information on the protection of data stored in the OVH infrastructure can be found directly on the Website <a href=\"https:\/\/www.ovh.pl\/ochrona-danych-osobowych\/bezpieczenstwo.xml\">https:\/\/www.ovh.pl\/ochrona-danych-osobowych\/bezpieczenstwo.xml<\/a>.<\/p>\n<p>15. Minimum measures used to protect data:<br \/>\n15.1. Technical measures:<br \/>\n\u2013 SSL \u2013 Each subpage of the Website is available using an encrypted connection between the user\u2019s browser and the server on which the page is placed. The encrypted connection on the Website is induced.<br \/>\n\u2013 Access to data \u2013 Only designated persons have access to the collected information and the access requires using the login and password.<br \/>\n\u2013 Access to information in external tools \u2013 Only designated persons have access to information stored in external tools and the access requires using the login and password.<br \/>\n15.2. Organisational measures<br \/>\n\u2013 Preparation of the privacy policy \u2013 the Privacy Policy for the avra.pl Website has been developed and made available.<br \/>\n\u2013 Each of the persons with access to the collected data was informed about the need to keep this data secret.<\/p>\n<p>16. The Website uses cookies and other similar technologies, details in this regard can be found in the further part of the Policy and its Appendix No. 1.<\/p>\n<hr \/>\n<p><span style=\"color: #1c55d9;\">External Tools on the Website<\/span><\/p>\n<p>17. We use the following tools:<br \/>\n<strong>17.1. Tracking and analytical tools: Google Analytics<\/strong>\u00a0\u2013 We use the Google Analytics tool on the Website to keep statistics (including the number and duration of visits to our Website, transitions between individual subpages, re-visits to our Website, etc.). The Google Analytics tool can be used and is used on every subpage of the Website.<br \/>\nSecurity &amp; Privacy Detailed information on the security and privacy of data used in connection with the use of Google Analytics can be found on on this page: <a href=\"https:\/\/support.google.com\/analytics\/answer\/2838718\">https:\/\/support.google.com\/analytics\/answer\/2838718<\/a><br \/>\nThe right to block. If you do not want us to track your behavior on our Website using Google Analytics, you can block it at any time using a tool provided by Google. Read more about how to use it. <a href=\"https:\/\/support.google.com\/analytics\/answer\/181881\">https:\/\/support.google.com\/analytics\/answer\/181881<\/a> <a href=\"https:\/\/support.google.com\/analytics\/answer\/181881\">https:\/\/support.google.com\/analytics\/answer\/181881<\/a><br \/>\n<strong>17.2. Google Maps Some subpages<\/strong> (e.g. Contact) contain embedded Google Maps in order to visually present the location of our headquarters, more about data processing by Google can be found in Google Privacy Policy: <a href=\"https:\/\/policies.google.com\/privacy?hl=pl\">https:\/\/policies.google.com\/privacy?hl=pl<\/a><br \/>\n<strong>17.3. ReCaptcha<\/strong><br \/>\nSome functionalities (including the Contact Form, Form to apply for a position) use the ReCaptcha tool from Google to verify the user and to protect against the use of forms by automatic tools (so-called bots). You can find out more about this in the Google Privacy Policy: <a href=\"https:\/\/policies.google.com\/privacy?hl=pl\">https:\/\/policies.google.com\/privacy?hl=pl<\/a><\/p>\n<\/div>\n<\/div>\n<div class=\"et_pb_module et_pb_text et_pb_text_2 et_pb_text_align_left et_pb_bg_layout_light\">\n<div class=\"et_pb_text_inner\">\n<hr \/>\n<p><span style=\"color: #1c55d9;\">Appendix No. 1 \u2013 Cookies and other similar technologies<\/span><\/p>\n<ol>\n<li>\u00a0By using the Website, you consent to the use of cookies \u2013 small files saved on your device. Cookies are used to adapt the Website to your needs (e.g. remembering settings) and for statistical purposes.<\/li>\n<li>You can block cookies from our Website at any time directly in your browser settings. Failure to do so constitutes consent to their use. The additional external tools we use can use their own additional cookie files.\n<ol>\n<li>The cookies we use:\u00a0 Google Analytics. Automatic collection of information about your computer when you visit the Website. Purpose: Creating statistics and conducting analyzes to optimize the Website. Supplier \/ Trusted partner: Google Ireland Limited. Storage time: 50 months.<\/li>\n<\/ol>\n<\/li>\n<\/ol>\n<\/div>\n<\/div>\n<\/div>\n\t\t\t\t            <\/div>\n            <div class=\"col-12 col-lg-4 offset-lg-1 col-boxes\">\n                <aside>\n\t\t\t\t\t\n                        <div class=\"contact-person-box\">\n                            <h3 class=\"text-above\">Have a question? Contact us.<\/h3>\n\n                            <div class=\"inner\">\n\t\t\t\t\t\t\t\t                                <div class=\"name-wrapper\">\n                                    <h6 class=\"name text--bold\">AVRA Sp. z. o. o. <\/h6>\n                                    <h6 class=\"position color--primary text--bold\"><\/h6>\n                                <\/div>\n                            <\/div>\n\n                            <a href=\"tel:+48603431529\"\n                               class=\"phone\">+48 603 431 529                            <\/a>\n                            <a href=\"mailto:biuro@avra.pl\"\n                               class=\"email\">biuro@avra.pl                            <\/a>\n\t\t\t\t\t\t\t\n                        <\/div>\n\t\t\t\t\t\t\t\t\t\t                <\/aside>\n\t\t\t\t\n            <\/div>\n        <\/div>\n    <\/div>\n<\/section>","protected":false},"excerpt":{"rendered":"","protected":false},"author":5,"featured_media":0,"parent":0,"menu_order":0,"comment_status":"closed","ping_status":"closed","template":"","meta":{"footnotes":""},"class_list":["post-1969","page","type-page","status-publish","hentry"],"acf":[],"yoast_head":"<!-- This site is optimized with the Yoast SEO Premium plugin v19.0 (Yoast SEO v19.4) - https:\/\/yoast.com\/wordpress\/plugins\/seo\/ -->\n<title>Privacy Policy - Avra Software<\/title>\n<meta name=\"robots\" content=\"index, follow, max-snippet:-1, max-image-preview:large, max-video-preview:-1\" \/>\n<link rel=\"canonical\" href=\"https:\/\/avra.pl\/en\/privacy-policy\/\" \/>\n<meta property=\"og:locale\" content=\"en_US\" \/>\n<meta property=\"og:type\" content=\"article\" \/>\n<meta property=\"og:title\" content=\"Privacy Policy\" \/>\n<meta property=\"og:url\" content=\"https:\/\/avra.pl\/en\/privacy-policy\/\" \/>\n<meta property=\"og:site_name\" content=\"Avra Software\" \/>\n<meta property=\"article:modified_time\" content=\"2022-01-23T19:37:37+00:00\" \/>\n<meta name=\"twitter:card\" content=\"summary_large_image\" \/>\n<script type=\"application\/ld+json\" class=\"yoast-schema-graph\">{\"@context\":\"https:\/\/schema.org\",\"@graph\":[{\"@type\":\"WebSite\",\"@id\":\"https:\/\/avra.pl\/#website\",\"url\":\"https:\/\/avra.pl\/\",\"name\":\"Avra Software\",\"description\":\"Automatyzujemy procesy biznesowe i sprzeda\u017cowe\",\"potentialAction\":[{\"@type\":\"SearchAction\",\"target\":{\"@type\":\"EntryPoint\",\"urlTemplate\":\"https:\/\/avra.pl\/?s={search_term_string}\"},\"query-input\":\"required name=search_term_string\"}],\"inLanguage\":\"en-US\"},{\"@type\":\"WebPage\",\"@id\":\"https:\/\/avra.pl\/en\/privacy-policy\/\",\"url\":\"https:\/\/avra.pl\/en\/privacy-policy\/\",\"name\":\"Privacy Policy - Avra Software\",\"isPartOf\":{\"@id\":\"https:\/\/avra.pl\/#website\"},\"datePublished\":\"2022-01-15T18:38:32+00:00\",\"dateModified\":\"2022-01-23T19:37:37+00:00\",\"breadcrumb\":{\"@id\":\"https:\/\/avra.pl\/en\/privacy-policy\/#breadcrumb\"},\"inLanguage\":\"en-US\",\"potentialAction\":[{\"@type\":\"ReadAction\",\"target\":[\"https:\/\/avra.pl\/en\/privacy-policy\/\"]}]},{\"@type\":\"BreadcrumbList\",\"@id\":\"https:\/\/avra.pl\/en\/privacy-policy\/#breadcrumb\",\"itemListElement\":[{\"@type\":\"ListItem\",\"position\":1,\"name\":\"Home\",\"item\":\"https:\/\/avra.pl\/en\/\"},{\"@type\":\"ListItem\",\"position\":2,\"name\":\"Privacy Policy\"}]}]}<\/script>\n<!-- \/ Yoast SEO Premium plugin. -->","yoast_head_json":{"title":"Privacy Policy - Avra Software","robots":{"index":"index","follow":"follow","max-snippet":"max-snippet:-1","max-image-preview":"max-image-preview:large","max-video-preview":"max-video-preview:-1"},"canonical":"https:\/\/avra.pl\/en\/privacy-policy\/","og_locale":"en_US","og_type":"article","og_title":"Privacy Policy","og_url":"https:\/\/avra.pl\/en\/privacy-policy\/","og_site_name":"Avra Software","article_modified_time":"2022-01-23T19:37:37+00:00","twitter_card":"summary_large_image","schema":{"@context":"https:\/\/schema.org","@graph":[{"@type":"WebSite","@id":"https:\/\/avra.pl\/#website","url":"https:\/\/avra.pl\/","name":"Avra Software","description":"Automatyzujemy procesy biznesowe i sprzeda\u017cowe","potentialAction":[{"@type":"SearchAction","target":{"@type":"EntryPoint","urlTemplate":"https:\/\/avra.pl\/?s={search_term_string}"},"query-input":"required name=search_term_string"}],"inLanguage":"en-US"},{"@type":"WebPage","@id":"https:\/\/avra.pl\/en\/privacy-policy\/","url":"https:\/\/avra.pl\/en\/privacy-policy\/","name":"Privacy Policy - Avra Software","isPartOf":{"@id":"https:\/\/avra.pl\/#website"},"datePublished":"2022-01-15T18:38:32+00:00","dateModified":"2022-01-23T19:37:37+00:00","breadcrumb":{"@id":"https:\/\/avra.pl\/en\/privacy-policy\/#breadcrumb"},"inLanguage":"en-US","potentialAction":[{"@type":"ReadAction","target":["https:\/\/avra.pl\/en\/privacy-policy\/"]}]},{"@type":"BreadcrumbList","@id":"https:\/\/avra.pl\/en\/privacy-policy\/#breadcrumb","itemListElement":[{"@type":"ListItem","position":1,"name":"Home","item":"https:\/\/avra.pl\/en\/"},{"@type":"ListItem","position":2,"name":"Privacy Policy"}]}]}},"_links":{"self":[{"href":"https:\/\/avra.pl\/en\/wp-json\/wp\/v2\/pages\/1969","targetHints":{"allow":["GET"]}}],"collection":[{"href":"https:\/\/avra.pl\/en\/wp-json\/wp\/v2\/pages"}],"about":[{"href":"https:\/\/avra.pl\/en\/wp-json\/wp\/v2\/types\/page"}],"author":[{"embeddable":true,"href":"https:\/\/avra.pl\/en\/wp-json\/wp\/v2\/users\/5"}],"replies":[{"embeddable":true,"href":"https:\/\/avra.pl\/en\/wp-json\/wp\/v2\/comments?post=1969"}],"version-history":[{"count":25,"href":"https:\/\/avra.pl\/en\/wp-json\/wp\/v2\/pages\/1969\/revisions"}],"predecessor-version":[{"id":2792,"href":"https:\/\/avra.pl\/en\/wp-json\/wp\/v2\/pages\/1969\/revisions\/2792"}],"wp:attachment":[{"href":"https:\/\/avra.pl\/en\/wp-json\/wp\/v2\/media?parent=1969"}],"curies":[{"name":"wp","href":"https:\/\/api.w.org\/{rel}","templated":true}]}}